{"id":62,"date":"2025-10-28T16:57:10","date_gmt":"2025-10-28T19:57:10","guid":{"rendered":"https:\/\/institutogolden.com.br\/ensino\/prototipo\/?page_id=62"},"modified":"2026-01-14T08:33:44","modified_gmt":"2026-01-14T11:33:44","slug":"cursos-in-company","status":"publish","type":"page","link":"https:\/\/institutogolden.com.br\/ensino\/cursos-in-company\/","title":{"rendered":"Cursos In Company"},"content":{"rendered":"\t\t<div data-elementor-type=\"wp-page\" data-elementor-id=\"62\" class=\"elementor elementor-62\" data-elementor-post-type=\"page\">\n\t\t\t\t<div class=\"elementor-element elementor-element-da4f73a e-con-full e-flex e-con e-parent\" data-id=\"da4f73a\" data-element_type=\"container\" data-e-type=\"container\" data-settings=\"{&quot;background_background&quot;:&quot;classic&quot;,&quot;jet_parallax_layout_list&quot;:[]}\">\n\t\t\t\t<div class=\"elementor-element elementor-element-14f4e07 elementor-widget elementor-widget-heading\" data-id=\"14f4e07\" data-element_type=\"widget\" data-e-type=\"widget\" data-widget_type=\"heading.default\">\n\t\t\t\t\t<h3 class=\"elementor-heading-title elementor-size-default\">Que tal levar os treinamentos do Golden at\u00e9 a sua empresa?<\/h3>\t\t\t\t<\/div>\n\t\t\t\t<div class=\"elementor-element elementor-element-24b6c73 elementor-widget elementor-widget-text-editor\" data-id=\"24b6c73\" data-element_type=\"widget\" data-e-type=\"widget\" data-widget_type=\"text-editor.default\">\n\t\t\t\t\t\t\t\t\t<p>Conhe\u00e7a o Golden In Company!<\/p>\t\t\t\t\t\t\t\t<\/div>\n\t\t\t\t<\/div>\n\t\t<div class=\"elementor-element elementor-element-21820a6 e-con-full e-flex e-con e-parent\" data-id=\"21820a6\" data-element_type=\"container\" data-e-type=\"container\" data-settings=\"{&quot;jet_parallax_layout_list&quot;:[]}\">\n\t\t<div class=\"elementor-element elementor-element-0f1e52c e-con-full e-flex e-con e-child\" data-id=\"0f1e52c\" data-element_type=\"container\" data-e-type=\"container\" data-settings=\"{&quot;jet_parallax_layout_list&quot;:[]}\">\n\t\t\t\t<div class=\"elementor-element elementor-element-4ff2a09 elementor-widget elementor-widget-heading\" data-id=\"4ff2a09\" data-element_type=\"widget\" data-e-type=\"widget\" data-widget_type=\"heading.default\">\n\t\t\t\t\t<h3 class=\"elementor-heading-title elementor-size-default\">Customiza\u00e7\u00e3o<\/h3>\t\t\t\t<\/div>\n\t\t\t\t<div class=\"elementor-element elementor-element-4e6df42 elementor-widget__width-initial elementor-widget elementor-widget-text-editor\" data-id=\"4e6df42\" data-element_type=\"widget\" data-e-type=\"widget\" data-widget_type=\"text-editor.default\">\n\t\t\t\t\t\t\t\t\t<p>No In Company, compartilhamos nosso conhecimento e experi\u00eancia de forma customizada, com base na realidade de cada cliente.<\/p>\t\t\t\t\t\t\t\t<\/div>\n\t\t\t\t<\/div>\n\t\t<div class=\"elementor-element elementor-element-acc6c78 e-con-full e-flex e-con e-child\" data-id=\"acc6c78\" data-element_type=\"container\" data-e-type=\"container\" data-settings=\"{&quot;jet_parallax_layout_list&quot;:[]}\">\n\t\t\t\t<div class=\"elementor-element elementor-element-bae8cd9 elementor-widget elementor-widget-image\" data-id=\"bae8cd9\" data-element_type=\"widget\" data-e-type=\"widget\" data-widget_type=\"image.default\">\n\t\t\t\t\t\t\t\t\t\t\t\t\t\t\t<img fetchpriority=\"high\" decoding=\"async\" width=\"800\" height=\"534\" src=\"https:\/\/institutogolden.com.br\/ensino\/wp-content\/uploads\/2026\/01\/InCompany-customizacao-esquerda-1024x683.png\" class=\"attachment-large size-large wp-image-14118\" alt=\"\" srcset=\"https:\/\/institutogolden.com.br\/ensino\/wp-content\/uploads\/2026\/01\/InCompany-customizacao-esquerda-1024x683.png 1024w, https:\/\/institutogolden.com.br\/ensino\/wp-content\/uploads\/2026\/01\/InCompany-customizacao-esquerda-300x200.png 300w, https:\/\/institutogolden.com.br\/ensino\/wp-content\/uploads\/2026\/01\/InCompany-customizacao-esquerda-768x512.png 768w, https:\/\/institutogolden.com.br\/ensino\/wp-content\/uploads\/2026\/01\/InCompany-customizacao-esquerda.png 1200w\" sizes=\"(max-width: 800px) 100vw, 800px\" \/>\t\t\t\t\t\t\t\t\t\t\t\t\t\t\t<\/div>\n\t\t\t\t<\/div>\n\t\t<div class=\"elementor-element elementor-element-ae72309 e-con-full e-flex e-con e-child\" data-id=\"ae72309\" data-element_type=\"container\" data-e-type=\"container\" data-settings=\"{&quot;jet_parallax_layout_list&quot;:[]}\">\n\t\t\t\t<div class=\"elementor-element elementor-element-c187555 elementor-widget elementor-widget-image\" data-id=\"c187555\" data-element_type=\"widget\" data-e-type=\"widget\" data-widget_type=\"image.default\">\n\t\t\t\t\t\t\t\t\t\t\t\t\t\t\t<img decoding=\"async\" width=\"800\" height=\"534\" src=\"https:\/\/institutogolden.com.br\/ensino\/wp-content\/uploads\/2026\/01\/InCompany-customizacao-direita-1024x683.png\" class=\"attachment-large size-large wp-image-14117\" alt=\"\" srcset=\"https:\/\/institutogolden.com.br\/ensino\/wp-content\/uploads\/2026\/01\/InCompany-customizacao-direita-1024x683.png 1024w, https:\/\/institutogolden.com.br\/ensino\/wp-content\/uploads\/2026\/01\/InCompany-customizacao-direita-300x200.png 300w, https:\/\/institutogolden.com.br\/ensino\/wp-content\/uploads\/2026\/01\/InCompany-customizacao-direita-768x512.png 768w, https:\/\/institutogolden.com.br\/ensino\/wp-content\/uploads\/2026\/01\/InCompany-customizacao-direita.png 1200w\" sizes=\"(max-width: 800px) 100vw, 800px\" \/>\t\t\t\t\t\t\t\t\t\t\t\t\t\t\t<\/div>\n\t\t\t\t<\/div>\n\t\t\t\t<\/div>\n\t\t<div class=\"elementor-element elementor-element-7a6769d e-con-full e-flex e-con e-parent\" data-id=\"7a6769d\" data-element_type=\"container\" data-e-type=\"container\" data-settings=\"{&quot;jet_parallax_layout_list&quot;:[]}\">\n\t\t<div class=\"elementor-element elementor-element-57071bf e-con-full e-flex e-con e-child\" data-id=\"57071bf\" data-element_type=\"container\" data-e-type=\"container\" data-settings=\"{&quot;jet_parallax_layout_list&quot;:[]}\">\n\t\t\t\t<div class=\"elementor-element elementor-element-1c8cecd elementor-widget elementor-widget-heading\" data-id=\"1c8cecd\" data-element_type=\"widget\" data-e-type=\"widget\" data-widget_type=\"heading.default\">\n\t\t\t\t\t<h3 class=\"elementor-heading-title elementor-size-default\">Vis\u00e3o<\/h3>\t\t\t\t<\/div>\n\t\t\t\t<div class=\"elementor-element elementor-element-4422d9f elementor-widget__width-initial elementor-widget elementor-widget-text-editor\" data-id=\"4422d9f\" data-element_type=\"widget\" data-e-type=\"widget\" data-widget_type=\"text-editor.default\">\n\t\t\t\t\t\t\t\t\t<p>Os conte\u00fados s\u00e3o apresentados com o objetivo de enriquecer e aperfei\u00e7oar as atividades di\u00e1rias dos colaboradores, priorizando a aplicabilidade do conhecimento.<\/p>\t\t\t\t\t\t\t\t<\/div>\n\t\t\t\t<\/div>\n\t\t<div class=\"elementor-element elementor-element-28b3a3f e-con-full e-flex e-con e-child\" data-id=\"28b3a3f\" data-element_type=\"container\" data-e-type=\"container\" data-settings=\"{&quot;jet_parallax_layout_list&quot;:[]}\">\n\t\t\t\t<div class=\"elementor-element elementor-element-e50d89e elementor-widget elementor-widget-image\" data-id=\"e50d89e\" data-element_type=\"widget\" data-e-type=\"widget\" data-widget_type=\"image.default\">\n\t\t\t\t\t\t\t\t\t\t\t\t\t\t\t<img decoding=\"async\" width=\"800\" height=\"534\" src=\"https:\/\/institutogolden.com.br\/ensino\/wp-content\/uploads\/2026\/01\/InCompany-Visao-1024x683.png\" class=\"attachment-large size-large wp-image-14119\" alt=\"\" srcset=\"https:\/\/institutogolden.com.br\/ensino\/wp-content\/uploads\/2026\/01\/InCompany-Visao-1024x683.png 1024w, https:\/\/institutogolden.com.br\/ensino\/wp-content\/uploads\/2026\/01\/InCompany-Visao-300x200.png 300w, https:\/\/institutogolden.com.br\/ensino\/wp-content\/uploads\/2026\/01\/InCompany-Visao-768x512.png 768w, https:\/\/institutogolden.com.br\/ensino\/wp-content\/uploads\/2026\/01\/InCompany-Visao.png 1200w\" sizes=\"(max-width: 800px) 100vw, 800px\" \/>\t\t\t\t\t\t\t\t\t\t\t\t\t\t\t<\/div>\n\t\t\t\t<\/div>\n\t\t<div class=\"elementor-element elementor-element-c0ced4d e-con-full e-flex e-con e-child\" data-id=\"c0ced4d\" data-element_type=\"container\" data-e-type=\"container\" data-settings=\"{&quot;jet_parallax_layout_list&quot;:[]}\">\n\t\t\t\t<div class=\"elementor-element elementor-element-9aacb45 elementor-widget__width-initial elementor-widget elementor-widget-text-editor\" data-id=\"9aacb45\" data-element_type=\"widget\" data-e-type=\"widget\" data-widget_type=\"text-editor.default\">\n\t\t\t\t\t\t\t\t\t<p>Entre os benef\u00edcios, est\u00e3o a oportunidade de integra\u00e7\u00e3o das equipes, transmiss\u00e3o e dissemina\u00e7\u00e3o de mensagens e a\u00e7\u00f5es corporativas e a redu\u00e7\u00e3o de custos por participante.<\/p>\t\t\t\t\t\t\t\t<\/div>\n\t\t\t\t<\/div>\n\t\t\t\t<\/div>\n\t\t<div class=\"elementor-element elementor-element-c311c7b e-flex e-con-boxed e-con e-parent\" data-id=\"c311c7b\" data-element_type=\"container\" data-e-type=\"container\" data-settings=\"{&quot;jet_parallax_layout_list&quot;:[]}\">\n\t\t\t\t\t<div class=\"e-con-inner\">\n\t\t\t\t<div class=\"elementor-element elementor-element-910bcb0 elementor-widget elementor-widget-heading\" data-id=\"910bcb0\" data-element_type=\"widget\" data-e-type=\"widget\" data-widget_type=\"heading.default\">\n\t\t\t\t\t<h3 class=\"elementor-heading-title elementor-size-default\">S\u00f3 vantagens!<\/h3>\t\t\t\t<\/div>\n\t\t\t\t<div class=\"elementor-element elementor-element-bd9ec9a elementor-widget__width-initial elementor-widget elementor-widget-text-editor\" data-id=\"bd9ec9a\" data-element_type=\"widget\" data-e-type=\"widget\" data-widget_type=\"text-editor.default\">\n\t\t\t\t\t\t\t\t\t<p>Quer saber mais sobre nossas solu\u00e7\u00f5es e possibilidades de aplica\u00e7\u00e3o em sua empresa?<br \/>N\u00e3o perca tempo e fale conosco agora mesmo!<\/p>\t\t\t\t\t\t\t\t<\/div>\n\t\t\t\t\t<\/div>\n\t\t\t\t<\/div>\n\t\t<div class=\"elementor-element elementor-element-b7753e7 e-flex e-con-boxed e-con e-parent\" data-id=\"b7753e7\" data-element_type=\"container\" data-e-type=\"container\" data-settings=\"{&quot;jet_parallax_layout_list&quot;:[]}\">\n\t\t\t\t\t<div class=\"e-con-inner\">\n\t\t\t\t<div class=\"elementor-element elementor-element-664e7b8 elementor-widget elementor-widget-jet-engine-booking-form\" data-id=\"664e7b8\" data-element_type=\"widget\" data-e-type=\"widget\" data-widget_type=\"jet-engine-booking-form.default\">\n\t\t\t\t<div class=\"elementor-widget-container\">\n\t\t\t\t\t<form  class=\"jet-form layout-column submit-type-reload\" action=\"\/ensino\/wp-json\/wp\/v2\/pages\/62?jet_engine_action=book&#038;nocache=1776846607\" method=\"POST\" data-form-id=\"13289\"><input class=\"jet-form__field hidden-field\" type=\"hidden\" name=\"_jet_engine_booking_form_id\" value=\"13289\" data-field-name=\"_jet_engine_booking_form_id\"><input class=\"jet-form__field hidden-field\" type=\"hidden\" name=\"_jet_engine_refer\" value=\"https:\/\/institutogolden.com.br\/ensino\/wp-json\/wp\/v2\/pages\/62\" data-field-name=\"_jet_engine_refer\"><div  class=\"jet-form-row jet-form-row--first-visible\"><div class=\"jet-form-col jet-form-col-6  field-type-heading  jet-form-field-container\" data-field=\"heading\" data-conditional=\"false\"><div class=\"jet-form__heading\">\n\t<span class=\"jet-form__label-text\" >1. Escolha um Curso:<\/span>\n\t<\/div><\/div><\/div><div  class=\"jet-form-row\"><div class=\"jet-form-col jet-form-col-12  field-type-select  jet-form-field-container\" data-field=\"Curso\" data-conditional=\"false\"><select  required=\"required\" name=\"Curso\" data-field-name=\"Curso\" id=\"Curso\" data-default-val=\"\" class=\"jet-form__field select-field\"><option value=\"\" selected>Selecione<\/option><option value=\"14420\" >Dietoterapia e Fitoterapia Chinesa<\/option><option value=\"14415\" >Forma\u00e7\u00e3o em Pilates Avan\u00e7ado<\/option><option value=\"14398\" >P\u00f3s-Gradua\u00e7\u00e3o em Fisioterapia Dermatofuncional<\/option><option value=\"14367\" >P\u00f3s-Gradua\u00e7\u00e3o em Fisioterapia Neurofuncional<\/option><option value=\"14352\" >Forma\u00e7\u00e3o em Libera\u00e7\u00e3o Miofascial Instrumental<\/option><option value=\"14320\" >Planejamento Estrat\u00e9gico em Servi\u00e7os de Sa\u00fade - EAD<\/option><option value=\"14319\" >Pilates com Acess\u00f3rios - EAD<\/option><option value=\"14318\" >Fascial Movement - EAD<\/option><option value=\"14267\" >P\u00f3s-Gradua\u00e7\u00e3o em Acupuntura<\/option><option value=\"14063\" >Toxina Botul\u00ednica: teoria e pr\u00e1tica na fisioterapia neurofuncional<\/option><option value=\"13999\" >Gesta\u00e7\u00e3o em Movimento<\/option><option value=\"13853\" >Fisioterapia Vestibular: Avalia\u00e7\u00e3o, Diagn\u00f3stico e Tratamento<\/option><option value=\"13701\" >Forma\u00e7\u00e3o em Bioestimuladores de Col\u00e1geno faciais e Corporais<\/option><option value=\"12458\" >Ventosaterapia<\/option><option value=\"12457\" >Terapia Manual com \u00canfase em Osteopatia<\/option><option value=\"12456\" >T\u00e9cnicas Modernas de Fisioterapia Respirat\u00f3ria Pedi\u00e1trica<\/option><option value=\"12455\" >Reabilita\u00e7\u00e3o em Joelho e Quadril<\/option><option value=\"12454\" >Preenchimento Labial<\/option><option value=\"12451\" >P\u00f3s-Gradua\u00e7\u00e3o em Fisioterapia Traumato-Ortop\u00e9dica e Esportiva<\/option><option value=\"12447\" >P\u00f3s-Gradua\u00e7\u00e3o em Est\u00e9tica Avan\u00e7ada<\/option><option value=\"12445\" >Mobiliza\u00e7\u00e3o Neural \u2013 Avalia\u00e7\u00e3o e Tratamento<\/option><option value=\"12444\" >Forma\u00e7\u00e3o em Ultrassonografia Cinesiol\u00f3gica<\/option><option value=\"12443\" >Forma\u00e7\u00e3o em Toxina Botul\u00ednica<\/option><option value=\"12442\" >Forma\u00e7\u00e3o em Tapping no Intra e P\u00f3s-Operat\u00f3rio<\/option><option value=\"12441\" >Forma\u00e7\u00e3o em Reeduca\u00e7\u00e3o Postural Global: Avalia\u00e7\u00e3o e Tratamento<\/option><option value=\"12440\" >Forma\u00e7\u00e3o em Quiropraxia Cl\u00ednica Integrativa<\/option><option value=\"12439\" >Forma\u00e7\u00e3o em Pr\u00e9 e P\u00f3s-Operat\u00f3rio em Cirurgia Pl\u00e1stica<\/option><option value=\"12438\" >Forma\u00e7\u00e3o em Pilates com Acess\u00f3rios<\/option><option value=\"12437\" >Forma\u00e7\u00e3o em Pilates Cl\u00e1ssico<\/option><option value=\"12435\" >Forma\u00e7\u00e3o em Massoterapia<\/option><option value=\"12434\" >Forma\u00e7\u00e3o em Manipula\u00e7\u00e3o Visceral<\/option><option value=\"12432\" >Forma\u00e7\u00e3o em Libera\u00e7\u00e3o Miofascial<\/option><option value=\"12431\" >Forma\u00e7\u00e3o em Intradermoterapia \/ Mesoterapia<\/option><option value=\"12430\" >Forma\u00e7\u00e3o em Fisioterapia Vestibular<\/option><option value=\"12429\" >Forma\u00e7\u00e3o em Fisioterapia no P\u00f3s-Parto e Cirurgias Ginecol\u00f3gicas<\/option><option value=\"12428\" >Forma\u00e7\u00e3o em Dry Needling<\/option><option value=\"12426\" >Forma\u00e7\u00e3o em Bandagens Funcionais<\/option><option value=\"12425\" >Forma\u00e7\u00e3o em Auriculoterapia<\/option><option value=\"12421\" >Eletrotermofototerapia Avan\u00e7ada<\/option><option value=\"12419\" >Drenagem Linf\u00e1tica<\/option><option value=\"12418\" >Dermatofacial \u2013 Limpeza de pele<\/option><option value=\"12417\" >Cinesiologia Funcional<\/option><option value=\"12416\" >Anatomia Palpat\u00f3ria e Testes Funcionais<\/option><option value=\"12415\" >Abordagem Manual na Disfun\u00e7\u00e3o Temporomandibular<\/option><\/select><\/div><\/div><div  class=\"jet-form-row\"><div class=\"jet-form-col jet-form-col-12  field-type-heading  jet-form-field-container\" data-field=\"heading\" data-conditional=\"false\"><div class=\"jet-form__heading\">\n\t<span class=\"jet-form__label-text\" >2. Nos conte um pouco sobre voc\u00ea:<\/span>\n\t<\/div><\/div><\/div><div  class=\"jet-form-row\"><div class=\"jet-form-col jet-form-col-6  field-type-text  jet-form-field-container\" data-field=\"Nome\" data-conditional=\"false\"><input class=\"jet-form__field text-field \" placeholder=\"Nome completo\" value=\"\" required=\"required\" name=\"Nome\" id=\"Nome\" type=\"text\" data-field-name=\"Nome\"><\/div><div class=\"jet-form-col jet-form-col-6  field-type-text  jet-form-field-container\" data-field=\"Empresa\" data-conditional=\"false\"><input class=\"jet-form__field text-field \" placeholder=\"Nome da empresa\" value=\"\" required=\"required\" name=\"Empresa\" id=\"Empresa\" type=\"text\" data-field-name=\"Empresa\"><\/div><\/div><div  class=\"jet-form-row\"><div class=\"jet-form-col jet-form-col-6  field-type-text  jet-form-field-container\" data-field=\"Telefone\" data-conditional=\"false\"><input class=\"jet-form__field text-field \" placeholder=\"Telefone \/ WhatsApp\" value=\"\" required=\"required\" name=\"Telefone\" id=\"Telefone\" type=\"tel\" data-field-name=\"Telefone\"><\/div><div class=\"jet-form-col jet-form-col-6  field-type-text  jet-form-field-container\" data-field=\"Email\" data-conditional=\"false\"><input class=\"jet-form__field text-field \" placeholder=\"E-mail\" value=\"\" required=\"required\" name=\"Email\" id=\"Email\" type=\"email\" data-field-name=\"Email\"><\/div><\/div><div  class=\"jet-form-row\"><div class=\"jet-form-col jet-form-col-6  field-type-select  jet-form-field-container\" data-field=\"Estado_UF\" data-conditional=\"false\"><select  required=\"required\" name=\"Estado_UF\" data-field-name=\"Estado_UF\" id=\"Estado_UF\" data-default-val=\"\" class=\"jet-form__field select-field\"><option value=\"\" selected>Estado \/ UF<\/option><option value=\"Acre\" >AC<\/option><option value=\"Alagoas\" >AL<\/option><option value=\"Amazonas\" >AM<\/option><option value=\"Amap\u00e1\" >AP<\/option><option value=\"Bahia\" >BA<\/option><option value=\"Cear\u00e1\" >CE<\/option><option value=\"Distrito Federal\" >DF<\/option><option value=\"Esp\u00edrito Santo\" >ES<\/option><option value=\"Goi\u00e1s\" >GO<\/option><option value=\"Maranh\u00e3o\" >MA<\/option><option value=\"Mato Grosso\" >MT<\/option><option value=\"Mato Grosso do Sul\" >MS<\/option><option value=\"Minas Gerais\" >MG<\/option><option value=\"Par\u00e1\" >PA<\/option><option value=\"Para\u00edba\" >PB<\/option><option value=\"Pernambuco\" >PE<\/option><option value=\"Piau\u00ed\" >PI<\/option><option value=\"Paran\u00e1\" >PR<\/option><option value=\"Rio de Janeiro\" >RJ<\/option><option value=\"Rio Grande do Norte\" >RN<\/option><option value=\"Rond\u00f4nia\" >RO<\/option><option value=\"Roraima\" >RR<\/option><option value=\"Rio Grande do Sul\" >RS<\/option><option value=\"Santa Catarina\" >SC<\/option><option value=\"Sergipe\" >SE<\/option><option value=\"S\u00e3o Paulo\" >SP<\/option><option value=\"Tocantins\" >TO<\/option><\/select><\/div><div class=\"jet-form-col jet-form-col-6  field-type-text  jet-form-field-container\" data-field=\"Cidade\" data-conditional=\"false\"><input class=\"jet-form__field text-field \" placeholder=\"Cidade\" value=\"\" required=\"required\" name=\"Cidade\" id=\"Cidade\" type=\"text\" data-field-name=\"Cidade\"><\/div><\/div><div  class=\"jet-form-row\"><div class=\"jet-form-col jet-form-col-12  field-type-heading  jet-form-field-container\" data-field=\"heading\" data-conditional=\"false\"><div class=\"jet-form__heading\">\n\t<span class=\"jet-form__label-text\" >3. D\u00favidas ou mais detalhes? Preencha o espa\u00e7o abaixo:<\/span>\n\t<\/div><\/div><\/div><div  class=\"jet-form-row\"><div class=\"jet-form-col jet-form-col-12  field-type-textarea  jet-form-field-container\" data-field=\"Mensagem\" data-conditional=\"false\"><textarea class=\"jet-form__field textarea-field\" required=\"required\" name=\"Mensagem\" data-field-name=\"Mensagem\" id=\"Mensagem\"><\/textarea><\/div><\/div><div  class=\"jet-form-row jet-form-row--submit\"><div class=\"jet-form-col jet-form-col-12  field-type-submit  jet-form-field-container\" data-field=\"Submit\" data-conditional=\"false\"><div class=\"jet-form__submit-wrap\">\n\t\t<button class=\"jet-form__submit submit-type-reload\" type=\"submit\">Enviar<\/button>\n<\/div><\/div><\/div><input class=\"jet-form__field hidden-field\" type=\"hidden\" name=\"_jet_engine_nonce\" value=\"9ac8754143\" data-field-name=\"_jet_engine_nonce\"><\/form>\t\t\t\t<\/div>\n\t\t\t\t<\/div>\n\t\t\t\t\t<\/div>\n\t\t\t\t<\/div>\n\t\t\t\t<\/div>\n\t\t","protected":false},"excerpt":{"rendered":"<p>Que tal levar os treinamentos do Golden at\u00e9 a sua empresa? Conhe\u00e7a o Golden In Company! Customiza\u00e7\u00e3o No In Company, compartilhamos nosso conhecimento e experi\u00eancia de forma customizada, com base na realidade de cada cliente. Vis\u00e3o Os conte\u00fados s\u00e3o apresentados com o objetivo de enriquecer e aperfei\u00e7oar as atividades di\u00e1rias dos colaboradores, priorizando a aplicabilidade [&hellip;]<\/p>\n","protected":false},"author":1,"featured_media":0,"parent":0,"menu_order":0,"comment_status":"closed","ping_status":"closed","template":"","meta":{"footnotes":""},"class_list":["post-62","page","type-page","status-publish","hentry"],"_links":{"self":[{"href":"https:\/\/institutogolden.com.br\/ensino\/wp-json\/wp\/v2\/pages\/62","targetHints":{"allow":["GET"]}}],"collection":[{"href":"https:\/\/institutogolden.com.br\/ensino\/wp-json\/wp\/v2\/pages"}],"about":[{"href":"https:\/\/institutogolden.com.br\/ensino\/wp-json\/wp\/v2\/types\/page"}],"author":[{"embeddable":true,"href":"https:\/\/institutogolden.com.br\/ensino\/wp-json\/wp\/v2\/users\/1"}],"replies":[{"embeddable":true,"href":"https:\/\/institutogolden.com.br\/ensino\/wp-json\/wp\/v2\/comments?post=62"}],"version-history":[{"count":80,"href":"https:\/\/institutogolden.com.br\/ensino\/wp-json\/wp\/v2\/pages\/62\/revisions"}],"predecessor-version":[{"id":14080,"href":"https:\/\/institutogolden.com.br\/ensino\/wp-json\/wp\/v2\/pages\/62\/revisions\/14080"}],"wp:attachment":[{"href":"https:\/\/institutogolden.com.br\/ensino\/wp-json\/wp\/v2\/media?parent=62"}],"curies":[{"name":"wp","href":"https:\/\/api.w.org\/{rel}","templated":true}]}}